{"id":10,"date":"2021-11-21T09:40:41","date_gmt":"2021-11-21T08:40:41","guid":{"rendered":"http:\/\/www.petite-coccinelle.com\/?page_id=10"},"modified":"2022-06-16T17:04:46","modified_gmt":"2022-06-16T15:04:46","slug":"la-sophrologie-et-le-sommeil","status":"publish","type":"page","link":"https:\/\/www.petite-coccinelle.com\/index.php\/la-sophrologie-et-le-sommeil\/","title":{"rendered":"La sophrologie et le sommeil chez l&#8217;enfant"},"content":{"rendered":"\n<p><\/p>\n\n\n\n<h2><\/h2>\n\n\n\n<h3>Peur du noir, cauchemars, difficult\u00e9 \u00e0 retrouver le calme apr\u00e8s la journ\u00e9e d&#8217;\u00e9cole : pour certains enfants, le moment de l&#8217;endormissement est tr\u00e8s difficile et peut devenir redout\u00e9 par les parents. Et il suffit parfois d&#8217;un \u00e9l\u00e9ment perturbateur pour que les petits dormeurs dorment encore plus mal que d&#8217;habitude.<\/h3>\n\n\n\n<p>Certains enfants &#8211; comme les adultes &#8211; ont du mal \u00e0 apaiser leurs pens\u00e9es, focalisent sur un sujet d&#8217;inqui\u00e9tude, sur une image qui leur a fait peur par exemple et ont besoin d&#8217;\u00eatre rassur\u00e9s. Ils vont alors chercher cette s\u00e9curit\u00e9 en appelant leurs parents ou en quittant leur lit.<\/p>\n\n\n\n<p>Il est important d&#8217;entendre ce qui inqui\u00e8te l&#8217;enfant, de le laisser l&#8217;exprimer et si besoin de faire le point avec le p\u00e9diatre.<\/p>\n\n\n\n<p>Dans le cas de ces inqui\u00e9tudes qui le maintiendraient en \u00e9tat d&#8217;\u00e9veil, la sophrologie peut aider l&#8217;enfant \u00e0 d\u00e9couvrir ses propres ressources et \u00e0 comprendre qu&#8217;il peut lui-m\u00eame d\u00e9jouer les cauchemars, faire taire ses pens\u00e9es, les \u00e9loigner en soufflant dessus, les transformer, et retrouver le calme qui permet de s&#8217;endormir.<\/p>\n\n\n\n<p>Il s&#8217;agit parfois d&#8217;une difficult\u00e9 \u00e0 \u00e9vacuer toute l&#8217;agitation suscit\u00e9e par la journ\u00e9e d&#8217;\u00e9cole. Faire des exercices de sophrologie en rentrant de l&#8217;\u00e9cole ou avant de se coucher aidera l&#8217;enfant \u00e0 trouver le calme et facilitera le moment du coucher.<\/p>\n\n\n\n<blockquote class=\"wp-block-quote\"><p>Dans la <strong><em>Petite Coccinelle et la valise du sommeil<\/em><\/strong>, vous trouverez des exercices pour aborder ces deux grandes probl\u00e9matiques rencontr\u00e9es par les enfants au moment du coucher. Ces exercices de sophrologie permettent \u00e0 l\u2019enfant de comprendre petit \u00e0 petit par exemple comment il peut par la respiration, la visualisation et des jeux, chasser ses peurs, vaincre les cauchemars et se sentir au calme.<\/p><\/blockquote>\n\n\n\n<p>L&#8217; histoire de la Petite Coccinelle peut \u00eatre lue \u00e0 la mani\u00e8re d&#8217;un.e sophrologue avec les indications que vous trouverez dans le livre mais vous pourrez aussi choisir de vous installer confortablement avec lui et de t\u00e9l\u00e9charger la version audio sur ce site si vous pr\u00e9f\u00e9rez que ce soit lu par la sophrologue \ud83d\ude42 ) et faciliter son (votre ?) endormissement.<\/p>\n\n\n\n<p><\/p>\n\n\n\n<p><strong><em>A propos de la sophrologie<\/em><\/strong><\/p>\n\n\n\n<p>Reconnue par l\u2019Organisation Mondiale de la Sant\u00e9 comme m\u00e9decine compl\u00e9mentaire, la sophrologie est une m\u00e9thode douce qui associe des exercices de respiration, de relaxation musculaire et de visualisation d\u2019images positives.&nbsp;&nbsp;Elle permet d&#8217;appr\u00e9hender diff\u00e9remment les difficult\u00e9s et adresse diff\u00e9rentes probl\u00e9matiques de gestion du stress, troubles anxieux, angoisses mais aussi confiance en soi par exemple.<\/p>\n\n\n\n<p>La sophrologie est particuli\u00e8rement ludique pour les enfants : elle invite \u00e0 reconna\u00eetre les \u00e9motions sans jugement et \u00e0 les accepter, les chasser, les \u00e9loigner selon le besoin.<\/p>\n\n\n\n<figure class=\"wp-block-image size-full is-resized\"><img loading=\"lazy\" src=\"http:\/\/www.petite-coccinelle.com\/wp-content\/uploads\/2021\/11\/5.png\" alt=\"\" class=\"wp-image-34\" width=\"1440\" height=\"810\" srcset=\"https:\/\/www.petite-coccinelle.com\/wp-content\/uploads\/2021\/11\/5.png 1920w, https:\/\/www.petite-coccinelle.com\/wp-content\/uploads\/2021\/11\/5-300x169.png 300w, https:\/\/www.petite-coccinelle.com\/wp-content\/uploads\/2021\/11\/5-1024x576.png 1024w, https:\/\/www.petite-coccinelle.com\/wp-content\/uploads\/2021\/11\/5-768x432.png 768w, https:\/\/www.petite-coccinelle.com\/wp-content\/uploads\/2021\/11\/5-1536x864.png 1536w\" sizes=\"(max-width: 1440px) 100vw, 1440px\" \/><\/figure>\n","protected":false},"excerpt":{"rendered":"<p class=\"excerpt\">Peur du noir, cauchemars, difficult&eacute; &agrave; retrouver le calme apr&egrave;s la journ&eacute;e d&rsquo;&eacute;cole : pour certains enfants, le moment de l&rsquo;endormissement est tr&egrave;s difficile et peut devenir redout&eacute; par les parents. Et il suffit parfois d&rsquo;un &eacute;l&eacute;ment perturbateur pour que les petits dormeurs dorment encore plus mal que d&rsquo;habitude. Certains enfants &ndash; comme les adultes &ndash; ont du mal &agrave;&hellip;<\/p>\n<p class=\"more-link-p\"><a class=\"btn btn-default\" href=\"https:\/\/www.petite-coccinelle.com\/index.php\/la-sophrologie-et-le-sommeil\/\">Read more<\/a><\/p>\n","protected":false},"author":1,"featured_media":0,"parent":0,"menu_order":0,"comment_status":"closed","ping_status":"closed","template":"","meta":[],"_links":{"self":[{"href":"https:\/\/www.petite-coccinelle.com\/index.php\/wp-json\/wp\/v2\/pages\/10"}],"collection":[{"href":"https:\/\/www.petite-coccinelle.com\/index.php\/wp-json\/wp\/v2\/pages"}],"about":[{"href":"https:\/\/www.petite-coccinelle.com\/index.php\/wp-json\/wp\/v2\/types\/page"}],"author":[{"embeddable":true,"href":"https:\/\/www.petite-coccinelle.com\/index.php\/wp-json\/wp\/v2\/users\/1"}],"replies":[{"embeddable":true,"href":"https:\/\/www.petite-coccinelle.com\/index.php\/wp-json\/wp\/v2\/comments?post=10"}],"version-history":[{"count":8,"href":"https:\/\/www.petite-coccinelle.com\/index.php\/wp-json\/wp\/v2\/pages\/10\/revisions"}],"predecessor-version":[{"id":207,"href":"https:\/\/www.petite-coccinelle.com\/index.php\/wp-json\/wp\/v2\/pages\/10\/revisions\/207"}],"wp:attachment":[{"href":"https:\/\/www.petite-coccinelle.com\/index.php\/wp-json\/wp\/v2\/media?parent=10"}],"curies":[{"name":"wp","href":"https:\/\/api.w.org\/{rel}","templated":true}]}}