{"id":264,"date":"2023-11-07T21:31:35","date_gmt":"2023-11-07T20:31:35","guid":{"rendered":"http:\/\/www.petite-coccinelle.com\/?page_id=264"},"modified":"2023-11-07T21:56:03","modified_gmt":"2023-11-07T20:56:03","slug":"je-dors-tu-dors-dors-je-veux-dormir","status":"publish","type":"page","link":"https:\/\/www.petite-coccinelle.com\/index.php\/je-dors-tu-dors-dors-je-veux-dormir\/","title":{"rendered":"Petite Coccinelle et la valise du sommeil"},"content":{"rendered":"\n<div class=\"wp-block-image\"><figure class=\"aligncenter size-large is-resized\"><img loading=\"lazy\" src=\"http:\/\/www.petite-coccinelle.com\/wp-content\/uploads\/2023\/11\/Petite-Coccinelle-et-la-valise-du-sommeil-1024x1024.gif\" alt=\"\" class=\"wp-image-280\" width=\"726\" height=\"726\" srcset=\"https:\/\/www.petite-coccinelle.com\/wp-content\/uploads\/2023\/11\/Petite-Coccinelle-et-la-valise-du-sommeil-1024x1024.gif 1024w, https:\/\/www.petite-coccinelle.com\/wp-content\/uploads\/2023\/11\/Petite-Coccinelle-et-la-valise-du-sommeil-300x300.gif 300w, https:\/\/www.petite-coccinelle.com\/wp-content\/uploads\/2023\/11\/Petite-Coccinelle-et-la-valise-du-sommeil-150x150.gif 150w, https:\/\/www.petite-coccinelle.com\/wp-content\/uploads\/2023\/11\/Petite-Coccinelle-et-la-valise-du-sommeil-768x768.gif 768w\" sizes=\"(max-width: 726px) 100vw, 726px\" \/><\/figure><\/div>\n\n\n\n<p><\/p>\n\n\n\n<figure class=\"wp-block-gallery columns-3 is-cropped\"><ul class=\"blocks-gallery-grid\"><li class=\"blocks-gallery-item\"><figure><img loading=\"lazy\" width=\"1024\" height=\"1024\" src=\"http:\/\/www.petite-coccinelle.com\/wp-content\/uploads\/2023\/11\/6-1024x1024.jpg\" alt=\"\" data-id=\"276\" data-full-url=\"http:\/\/www.petite-coccinelle.com\/wp-content\/uploads\/2023\/11\/6.jpg\" data-link=\"http:\/\/www.petite-coccinelle.com\/index.php\/je-dors-tu-dors-dors-je-veux-dormir\/6-2\/\" class=\"wp-image-276\" srcset=\"https:\/\/www.petite-coccinelle.com\/wp-content\/uploads\/2023\/11\/6-1024x1024.jpg 1024w, https:\/\/www.petite-coccinelle.com\/wp-content\/uploads\/2023\/11\/6-300x300.jpg 300w, https:\/\/www.petite-coccinelle.com\/wp-content\/uploads\/2023\/11\/6-150x150.jpg 150w, https:\/\/www.petite-coccinelle.com\/wp-content\/uploads\/2023\/11\/6-768x768.jpg 768w, https:\/\/www.petite-coccinelle.com\/wp-content\/uploads\/2023\/11\/6.jpg 1080w\" sizes=\"(max-width: 1024px) 100vw, 1024px\" \/><\/figure><\/li><li class=\"blocks-gallery-item\"><figure><img loading=\"lazy\" width=\"1024\" height=\"1024\" src=\"http:\/\/www.petite-coccinelle.com\/wp-content\/uploads\/2023\/11\/8-1024x1024.jpg\" alt=\"\" data-id=\"275\" data-full-url=\"http:\/\/www.petite-coccinelle.com\/wp-content\/uploads\/2023\/11\/8.jpg\" data-link=\"http:\/\/www.petite-coccinelle.com\/index.php\/je-dors-tu-dors-dors-je-veux-dormir\/8-2\/\" class=\"wp-image-275\" srcset=\"https:\/\/www.petite-coccinelle.com\/wp-content\/uploads\/2023\/11\/8-1024x1024.jpg 1024w, https:\/\/www.petite-coccinelle.com\/wp-content\/uploads\/2023\/11\/8-300x300.jpg 300w, https:\/\/www.petite-coccinelle.com\/wp-content\/uploads\/2023\/11\/8-150x150.jpg 150w, https:\/\/www.petite-coccinelle.com\/wp-content\/uploads\/2023\/11\/8-768x768.jpg 768w, https:\/\/www.petite-coccinelle.com\/wp-content\/uploads\/2023\/11\/8.jpg 1080w\" sizes=\"(max-width: 1024px) 100vw, 1024px\" \/><\/figure><\/li><li class=\"blocks-gallery-item\"><figure><img loading=\"lazy\" width=\"1024\" height=\"1024\" src=\"http:\/\/www.petite-coccinelle.com\/wp-content\/uploads\/2023\/11\/9-1024x1024.jpg\" alt=\"\" data-id=\"274\" data-full-url=\"http:\/\/www.petite-coccinelle.com\/wp-content\/uploads\/2023\/11\/9.jpg\" data-link=\"http:\/\/www.petite-coccinelle.com\/index.php\/je-dors-tu-dors-dors-je-veux-dormir\/9-2\/\" class=\"wp-image-274\" srcset=\"https:\/\/www.petite-coccinelle.com\/wp-content\/uploads\/2023\/11\/9-1024x1024.jpg 1024w, https:\/\/www.petite-coccinelle.com\/wp-content\/uploads\/2023\/11\/9-300x300.jpg 300w, https:\/\/www.petite-coccinelle.com\/wp-content\/uploads\/2023\/11\/9-150x150.jpg 150w, https:\/\/www.petite-coccinelle.com\/wp-content\/uploads\/2023\/11\/9-768x768.jpg 768w, https:\/\/www.petite-coccinelle.com\/wp-content\/uploads\/2023\/11\/9.jpg 1080w\" sizes=\"(max-width: 1024px) 100vw, 1024px\" \/><\/figure><\/li><\/ul><\/figure>\n\n\n\n<h2><meta charset=\"utf-8\"><\/h2>\n\n\n\n<div class=\"wp-block-image\"><figure class=\"alignleft size-full is-resized\"><img loading=\"lazy\" src=\"http:\/\/www.petite-coccinelle.com\/wp-content\/uploads\/2022\/02\/CouvPC.jpg\" alt=\"\" class=\"wp-image-223\" width=\"224\" height=\"224\" srcset=\"https:\/\/www.petite-coccinelle.com\/wp-content\/uploads\/2022\/02\/CouvPC.jpg 500w, https:\/\/www.petite-coccinelle.com\/wp-content\/uploads\/2022\/02\/CouvPC-300x300.jpg 300w, https:\/\/www.petite-coccinelle.com\/wp-content\/uploads\/2022\/02\/CouvPC-150x150.jpg 150w\" sizes=\"(max-width: 224px) 100vw, 224px\" \/><figcaption><meta charset=\"utf-8\"><li>\u00c9diteur \u200f : \u200e Les Ateliers de Sophrologie (25 novembre 2021)Langue \u200f : \u200e Fran\u00e7aisBroch\u00e9 \u200f : \u200e 39 pagesISBN-10 \u200f : \u200e 2957868016ISBN-13 \u200f : \u200e 978-2957868018\u00c2ge de lecture \u200f : \u200e 3 &#8211; 8 ans<\/li><\/figcaption><\/figure><\/div>\n\n\n\n<h1>Personne ne sait exactement ce que Petite Coccinelle transporte dans sa valise mais lorsqu&#8217;elle entend dans son coeur qu&#8217;un enfant n&#8217;arrive pas \u00e0 dormir, elle parcourt la Terre et les Oc\u00e9ans et vient tranquillement se poser pr\u00e8s de lui pour l\u2019aider \u00e0 s\u2019endormir.<\/h1>\n\n\n\n<div class=\"wp-block-buttons\">\n<div class=\"wp-block-button\"><a class=\"wp-block-button__link\" href=\"https:\/\/buy.stripe.com\/4gwdUJcDWcnb70k001\">ACHETER LE LIVRE<\/a><\/div>\n\n\n\n<div class=\"wp-block-button\"><a class=\"wp-block-button__link\" href=\"https:\/\/mindfulphotographyandpositivethinking.bigcartel.com\/category\/kids\">LA BOUTIQUE DE MUGS<\/a><\/div>\n<\/div>\n\n\n\n<p><strong><em>Vous \u00eates libraire ? C&#8217;est <a href=\"http:\/\/ateliersophro.com\/index.php\/contact-librairies\/\" data-type=\"URL\" data-id=\"http:\/\/ateliersophro.com\/index.php\/contact-librairies\/\">par ici : http:\/\/ateliersophro.com\/index.php\/contact-librairies\/<\/a><\/em><\/strong><\/p>\n\n\n\n<p><\/p>\n\n\n\n<figure class=\"wp-block-gallery columns-3 is-cropped\"><ul class=\"blocks-gallery-grid\"><li class=\"blocks-gallery-item\"><figure><img loading=\"lazy\" width=\"1024\" height=\"1024\" src=\"http:\/\/www.petite-coccinelle.com\/wp-content\/uploads\/2023\/11\/13-1024x1024.jpg\" alt=\"\" data-id=\"270\" data-full-url=\"http:\/\/www.petite-coccinelle.com\/wp-content\/uploads\/2023\/11\/13.jpg\" data-link=\"http:\/\/www.petite-coccinelle.com\/index.php\/je-dors-tu-dors-dors-je-veux-dormir\/attachment\/13\/\" class=\"wp-image-270\" srcset=\"https:\/\/www.petite-coccinelle.com\/wp-content\/uploads\/2023\/11\/13-1024x1024.jpg 1024w, https:\/\/www.petite-coccinelle.com\/wp-content\/uploads\/2023\/11\/13-300x300.jpg 300w, https:\/\/www.petite-coccinelle.com\/wp-content\/uploads\/2023\/11\/13-150x150.jpg 150w, https:\/\/www.petite-coccinelle.com\/wp-content\/uploads\/2023\/11\/13-768x768.jpg 768w, https:\/\/www.petite-coccinelle.com\/wp-content\/uploads\/2023\/11\/13.jpg 1080w\" sizes=\"(max-width: 1024px) 100vw, 1024px\" \/><\/figure><\/li><li class=\"blocks-gallery-item\"><figure><img loading=\"lazy\" width=\"1024\" height=\"1024\" src=\"http:\/\/www.petite-coccinelle.com\/wp-content\/uploads\/2023\/11\/11-1024x1024.jpg\" alt=\"\" data-id=\"272\" data-full-url=\"http:\/\/www.petite-coccinelle.com\/wp-content\/uploads\/2023\/11\/11.jpg\" data-link=\"http:\/\/www.petite-coccinelle.com\/index.php\/je-dors-tu-dors-dors-je-veux-dormir\/attachment\/11\/\" class=\"wp-image-272\" srcset=\"https:\/\/www.petite-coccinelle.com\/wp-content\/uploads\/2023\/11\/11-1024x1024.jpg 1024w, https:\/\/www.petite-coccinelle.com\/wp-content\/uploads\/2023\/11\/11-300x300.jpg 300w, https:\/\/www.petite-coccinelle.com\/wp-content\/uploads\/2023\/11\/11-150x150.jpg 150w, https:\/\/www.petite-coccinelle.com\/wp-content\/uploads\/2023\/11\/11-768x768.jpg 768w, https:\/\/www.petite-coccinelle.com\/wp-content\/uploads\/2023\/11\/11.jpg 1080w\" sizes=\"(max-width: 1024px) 100vw, 1024px\" \/><\/figure><\/li><li class=\"blocks-gallery-item\"><figure><img loading=\"lazy\" width=\"1024\" height=\"1024\" src=\"http:\/\/www.petite-coccinelle.com\/wp-content\/uploads\/2023\/11\/14-1024x1024.jpg\" alt=\"\" data-id=\"269\" data-full-url=\"http:\/\/www.petite-coccinelle.com\/wp-content\/uploads\/2023\/11\/14.jpg\" data-link=\"http:\/\/www.petite-coccinelle.com\/index.php\/je-dors-tu-dors-dors-je-veux-dormir\/attachment\/14\/\" class=\"wp-image-269\" srcset=\"https:\/\/www.petite-coccinelle.com\/wp-content\/uploads\/2023\/11\/14-1024x1024.jpg 1024w, https:\/\/www.petite-coccinelle.com\/wp-content\/uploads\/2023\/11\/14-300x300.jpg 300w, https:\/\/www.petite-coccinelle.com\/wp-content\/uploads\/2023\/11\/14-150x150.jpg 150w, https:\/\/www.petite-coccinelle.com\/wp-content\/uploads\/2023\/11\/14-768x768.jpg 768w, https:\/\/www.petite-coccinelle.com\/wp-content\/uploads\/2023\/11\/14.jpg 1080w\" sizes=\"(max-width: 1024px) 100vw, 1024px\" \/><\/figure><\/li><li class=\"blocks-gallery-item\"><figure><img loading=\"lazy\" width=\"1024\" height=\"1024\" src=\"http:\/\/www.petite-coccinelle.com\/wp-content\/uploads\/2023\/11\/15-1024x1024.jpg\" alt=\"\" data-id=\"268\" data-full-url=\"http:\/\/www.petite-coccinelle.com\/wp-content\/uploads\/2023\/11\/15.jpg\" data-link=\"http:\/\/www.petite-coccinelle.com\/index.php\/je-dors-tu-dors-dors-je-veux-dormir\/attachment\/15\/\" class=\"wp-image-268\" srcset=\"https:\/\/www.petite-coccinelle.com\/wp-content\/uploads\/2023\/11\/15-1024x1024.jpg 1024w, https:\/\/www.petite-coccinelle.com\/wp-content\/uploads\/2023\/11\/15-300x300.jpg 300w, https:\/\/www.petite-coccinelle.com\/wp-content\/uploads\/2023\/11\/15-150x150.jpg 150w, https:\/\/www.petite-coccinelle.com\/wp-content\/uploads\/2023\/11\/15-768x768.jpg 768w, https:\/\/www.petite-coccinelle.com\/wp-content\/uploads\/2023\/11\/15.jpg 1080w\" sizes=\"(max-width: 1024px) 100vw, 1024px\" \/><\/figure><\/li><li class=\"blocks-gallery-item\"><figure><img loading=\"lazy\" width=\"1024\" height=\"1024\" src=\"http:\/\/www.petite-coccinelle.com\/wp-content\/uploads\/2023\/11\/16-1024x1024.jpg\" alt=\"\" data-id=\"267\" data-full-url=\"http:\/\/www.petite-coccinelle.com\/wp-content\/uploads\/2023\/11\/16.jpg\" data-link=\"http:\/\/www.petite-coccinelle.com\/index.php\/je-dors-tu-dors-dors-je-veux-dormir\/16-2\/\" class=\"wp-image-267\" srcset=\"https:\/\/www.petite-coccinelle.com\/wp-content\/uploads\/2023\/11\/16-1024x1024.jpg 1024w, https:\/\/www.petite-coccinelle.com\/wp-content\/uploads\/2023\/11\/16-300x300.jpg 300w, https:\/\/www.petite-coccinelle.com\/wp-content\/uploads\/2023\/11\/16-150x150.jpg 150w, https:\/\/www.petite-coccinelle.com\/wp-content\/uploads\/2023\/11\/16-768x768.jpg 768w, https:\/\/www.petite-coccinelle.com\/wp-content\/uploads\/2023\/11\/16.jpg 1080w\" sizes=\"(max-width: 1024px) 100vw, 1024px\" \/><\/figure><\/li><li class=\"blocks-gallery-item\"><figure><img loading=\"lazy\" width=\"1024\" height=\"1024\" src=\"http:\/\/www.petite-coccinelle.com\/wp-content\/uploads\/2023\/11\/17-1024x1024.jpg\" alt=\"\" data-id=\"266\" data-full-url=\"http:\/\/www.petite-coccinelle.com\/wp-content\/uploads\/2023\/11\/17.jpg\" data-link=\"http:\/\/www.petite-coccinelle.com\/index.php\/je-dors-tu-dors-dors-je-veux-dormir\/attachment\/17\/\" class=\"wp-image-266\" srcset=\"https:\/\/www.petite-coccinelle.com\/wp-content\/uploads\/2023\/11\/17-1024x1024.jpg 1024w, https:\/\/www.petite-coccinelle.com\/wp-content\/uploads\/2023\/11\/17-300x300.jpg 300w, https:\/\/www.petite-coccinelle.com\/wp-content\/uploads\/2023\/11\/17-150x150.jpg 150w, https:\/\/www.petite-coccinelle.com\/wp-content\/uploads\/2023\/11\/17-768x768.jpg 768w, https:\/\/www.petite-coccinelle.com\/wp-content\/uploads\/2023\/11\/17.jpg 1080w\" sizes=\"(max-width: 1024px) 100vw, 1024px\" \/><\/figure><\/li><li class=\"blocks-gallery-item\"><figure><img loading=\"lazy\" width=\"1024\" height=\"1024\" src=\"http:\/\/www.petite-coccinelle.com\/wp-content\/uploads\/2023\/11\/10-1024x1024.jpg\" alt=\"\" data-id=\"273\" data-full-url=\"http:\/\/www.petite-coccinelle.com\/wp-content\/uploads\/2023\/11\/10.jpg\" data-link=\"http:\/\/www.petite-coccinelle.com\/index.php\/je-dors-tu-dors-dors-je-veux-dormir\/attachment\/10\/\" class=\"wp-image-273\" srcset=\"https:\/\/www.petite-coccinelle.com\/wp-content\/uploads\/2023\/11\/10-1024x1024.jpg 1024w, https:\/\/www.petite-coccinelle.com\/wp-content\/uploads\/2023\/11\/10-300x300.jpg 300w, https:\/\/www.petite-coccinelle.com\/wp-content\/uploads\/2023\/11\/10-150x150.jpg 150w, https:\/\/www.petite-coccinelle.com\/wp-content\/uploads\/2023\/11\/10-768x768.jpg 768w, https:\/\/www.petite-coccinelle.com\/wp-content\/uploads\/2023\/11\/10.jpg 1080w\" sizes=\"(max-width: 1024px) 100vw, 1024px\" \/><\/figure><\/li><\/ul><\/figure>\n\n\n\n<hr class=\"wp-block-separator\"\/>\n","protected":false},"excerpt":{"rendered":"<p class=\"excerpt\">Personne ne sait exactement ce que Petite Coccinelle transporte dans sa valise mais lorsqu&rsquo;elle entend dans son coeur qu&rsquo;un enfant n&rsquo;arrive pas &agrave; dormir, elle parcourt la Terre et les Oc&eacute;ans et vient tranquillement se poser pr&egrave;s de lui pour l&rsquo;aider &agrave; s&rsquo;endormir. Vous &ecirc;tes libraire ? C&rsquo;est par ici : http:\/\/ateliersophro.com\/index.php\/contact-librairies\/<\/p>\n<p class=\"more-link-p\"><a class=\"btn btn-default\" href=\"https:\/\/www.petite-coccinelle.com\/index.php\/je-dors-tu-dors-dors-je-veux-dormir\/\">Read more<\/a><\/p>\n","protected":false},"author":1,"featured_media":0,"parent":0,"menu_order":0,"comment_status":"closed","ping_status":"closed","template":"","meta":[],"_links":{"self":[{"href":"https:\/\/www.petite-coccinelle.com\/index.php\/wp-json\/wp\/v2\/pages\/264"}],"collection":[{"href":"https:\/\/www.petite-coccinelle.com\/index.php\/wp-json\/wp\/v2\/pages"}],"about":[{"href":"https:\/\/www.petite-coccinelle.com\/index.php\/wp-json\/wp\/v2\/types\/page"}],"author":[{"embeddable":true,"href":"https:\/\/www.petite-coccinelle.com\/index.php\/wp-json\/wp\/v2\/users\/1"}],"replies":[{"embeddable":true,"href":"https:\/\/www.petite-coccinelle.com\/index.php\/wp-json\/wp\/v2\/comments?post=264"}],"version-history":[{"count":6,"href":"https:\/\/www.petite-coccinelle.com\/index.php\/wp-json\/wp\/v2\/pages\/264\/revisions"}],"predecessor-version":[{"id":290,"href":"https:\/\/www.petite-coccinelle.com\/index.php\/wp-json\/wp\/v2\/pages\/264\/revisions\/290"}],"wp:attachment":[{"href":"https:\/\/www.petite-coccinelle.com\/index.php\/wp-json\/wp\/v2\/media?parent=264"}],"curies":[{"name":"wp","href":"https:\/\/api.w.org\/{rel}","templated":true}]}}