{"id":47,"date":"2021-11-21T14:27:13","date_gmt":"2021-11-21T13:27:13","guid":{"rendered":"http:\/\/www.petite-coccinelle.com\/?page_id=47"},"modified":"2022-12-10T06:57:09","modified_gmt":"2022-12-10T05:57:09","slug":"version-audio","status":"publish","type":"page","link":"https:\/\/www.petite-coccinelle.com\/index.php\/version-audio\/","title":{"rendered":"Version audio"},"content":{"rendered":"\n<h3>Vous avez achet\u00e9 le livre et souhaitez t\u00e9l\u00e9charger la version audio ?<\/h3>\n\n\n\n<p><\/p>\n\n\n\n<p>Saisissez le mot de passe indiqu\u00e9 \u00e0 la fin du livre pour acc\u00e9der \u00e0 la version audio  en cliquant sur ce lien<\/p>\n\n\n\n<p><a href=\"http:\/\/www.petite-coccinelle.com\/index.php\/ecouter-la-version-audio\/\" data-type=\"page\" data-id=\"13\">ici<\/a> ou copiez ce lien : <a href=\"http:\/\/www.petite-coccinelle.com\/index.php\/ecouter-la-version-audio\/\">http:\/\/www.petite-coccinelle.com\/index.php\/ecouter-la-version-audio\/<\/a><\/p>\n\n\n\n<p><\/p>\n\n\n\n<p><strong>Bonne \u00e9coute ! (et de beaux r\u00eaves aux petits dormeurs !)<\/strong><\/p>\n","protected":false},"excerpt":{"rendered":"<p class=\"excerpt\">Vous avez achet&eacute; le livre et souhaitez t&eacute;l&eacute;charger la version audio ? Saisissez le mot de passe indiqu&eacute; &agrave; la fin du livre pour acc&eacute;der &agrave; la version audio en cliquant sur ce lien ici ou copiez ce lien : http:\/\/www.petite-coccinelle.com\/index.php\/ecouter-la-version-audio\/ Bonne &eacute;coute ! (et de beaux r&ecirc;ves aux petits dormeurs !)<\/p>\n<p class=\"more-link-p\"><a class=\"btn btn-default\" href=\"https:\/\/www.petite-coccinelle.com\/index.php\/version-audio\/\">Read more<\/a><\/p>\n","protected":false},"author":1,"featured_media":0,"parent":0,"menu_order":0,"comment_status":"closed","ping_status":"closed","template":"","meta":[],"_links":{"self":[{"href":"https:\/\/www.petite-coccinelle.com\/index.php\/wp-json\/wp\/v2\/pages\/47"}],"collection":[{"href":"https:\/\/www.petite-coccinelle.com\/index.php\/wp-json\/wp\/v2\/pages"}],"about":[{"href":"https:\/\/www.petite-coccinelle.com\/index.php\/wp-json\/wp\/v2\/types\/page"}],"author":[{"embeddable":true,"href":"https:\/\/www.petite-coccinelle.com\/index.php\/wp-json\/wp\/v2\/users\/1"}],"replies":[{"embeddable":true,"href":"https:\/\/www.petite-coccinelle.com\/index.php\/wp-json\/wp\/v2\/comments?post=47"}],"version-history":[{"count":2,"href":"https:\/\/www.petite-coccinelle.com\/index.php\/wp-json\/wp\/v2\/pages\/47\/revisions"}],"predecessor-version":[{"id":86,"href":"https:\/\/www.petite-coccinelle.com\/index.php\/wp-json\/wp\/v2\/pages\/47\/revisions\/86"}],"wp:attachment":[{"href":"https:\/\/www.petite-coccinelle.com\/index.php\/wp-json\/wp\/v2\/media?parent=47"}],"curies":[{"name":"wp","href":"https:\/\/api.w.org\/{rel}","templated":true}]}}