{"id":7,"date":"2021-11-21T09:39:00","date_gmt":"2021-11-21T08:39:00","guid":{"rendered":"http:\/\/www.petite-coccinelle.com\/?page_id=7"},"modified":"2023-01-14T19:09:25","modified_gmt":"2023-01-14T18:09:25","slug":"lauteure","status":"publish","type":"page","link":"https:\/\/www.petite-coccinelle.com\/index.php\/lauteure\/","title":{"rendered":"L&#8217;auteure"},"content":{"rendered":"\n<div class=\"wp-block-image\"><figure class=\"alignleft size-large is-resized\"><img loading=\"lazy\" src=\"http:\/\/www.petite-coccinelle.com\/wp-content\/uploads\/2021\/11\/100475926_10158835976766178_6959959189946892288_n.jpg\" alt=\"\" class=\"wp-image-55\" width=\"245\" height=\"243\"\/><\/figure><\/div>\n\n\n\n<p>Caroline Jolivet est sophrologue, hypnoth\u00e9rapeute, instructeur de m\u00e9ditation dans l&#8217;enseignement et praticienne en traitement de traumatismes par mouvements oculaires (issu EMDR). Elle fonde <em><strong>Les Ateliers de sophrologie <\/strong><\/em>en 2018 et exerce en cabinet dans le 92.<\/p>\n\n\n\n<p><\/p>\n\n\n\n<p>\u00c9galement auteure de : <\/p>\n\n\n\n<ul><li> <a href=\"http:\/\/www.reparemoncoeur.com\" data-type=\"URL\" data-id=\"www.reparemoncoeur.com\"><em>R\u00e9pare mon coeur<\/em><\/a>, Edition Les Ateliers de sophrologie, 2021, conte m\u00e9taphorique et guide d&#8217;activit\u00e9s issu du Kintsugi et de la sophrologie pour l&#8217;enfant en deuil<\/li><li> <strong><em><a href=\"http:\/\/www.bernard-dargols.com\" data-type=\"URL\" data-id=\"www.bernard-dargols.com\">&#8220;Bernard Dargols, un GI fran\u00e7ais \u00e0 Omaha Beach&#8221;<\/a><\/em><\/strong>, \u00e9ditions Ouest France publi\u00e9e en 2012 dans lequel Caroline reconstitue le parcours de son grand-p\u00e8re, r\u00e9cit qui sera \u00e9galement publi\u00e9 en Anglais chez Pen &amp; Swords en 2018 &#8220;A French GI at Omaha Beach&#8221;.<\/li><\/ul>\n\n\n\n<p>Dipl\u00f4m\u00e9e du CELSA, d&#8217;un Master en Conseil \u00e9ditorial de La Sorbonne et d&#8217;une Ma\u00eetrise d&#8217;Anglais, Caroline Jolivet a travaill\u00e9 15 ans dans l&#8217;univers de la cr\u00e9ation num\u00e9rique et de la presse avant de changer de voie et de devenir sophrologue, hypnoth\u00e9rapeute et de se sp\u00e9cialiser dans l&#8217;accompagnement des enfants.<\/p>\n\n\n\n<p class=\"has-text-align-left\"><\/p>\n","protected":false},"excerpt":{"rendered":"<p class=\"excerpt\">Caroline Jolivet est sophrologue, hypnoth&eacute;rapeute, instructeur de m&eacute;ditation dans l&rsquo;enseignement et praticienne en traitement de traumatismes par mouvements oculaires (issu EMDR). Elle fonde Les Ateliers de sophrologie en 2018 et exerce en cabinet dans le 92. &Eacute;galement auteure de : R&eacute;pare mon coeur, Edition Les Ateliers de sophrologie, 2021, conte m&eacute;taphorique et guide d&rsquo;activit&eacute;s issu du Kintsugi et de la&hellip;<\/p>\n<p class=\"more-link-p\"><a class=\"btn btn-default\" href=\"https:\/\/www.petite-coccinelle.com\/index.php\/lauteure\/\">Read more<\/a><\/p>\n","protected":false},"author":1,"featured_media":0,"parent":0,"menu_order":0,"comment_status":"closed","ping_status":"closed","template":"","meta":[],"_links":{"self":[{"href":"https:\/\/www.petite-coccinelle.com\/index.php\/wp-json\/wp\/v2\/pages\/7"}],"collection":[{"href":"https:\/\/www.petite-coccinelle.com\/index.php\/wp-json\/wp\/v2\/pages"}],"about":[{"href":"https:\/\/www.petite-coccinelle.com\/index.php\/wp-json\/wp\/v2\/types\/page"}],"author":[{"embeddable":true,"href":"https:\/\/www.petite-coccinelle.com\/index.php\/wp-json\/wp\/v2\/users\/1"}],"replies":[{"embeddable":true,"href":"https:\/\/www.petite-coccinelle.com\/index.php\/wp-json\/wp\/v2\/comments?post=7"}],"version-history":[{"count":6,"href":"https:\/\/www.petite-coccinelle.com\/index.php\/wp-json\/wp\/v2\/pages\/7\/revisions"}],"predecessor-version":[{"id":256,"href":"https:\/\/www.petite-coccinelle.com\/index.php\/wp-json\/wp\/v2\/pages\/7\/revisions\/256"}],"wp:attachment":[{"href":"https:\/\/www.petite-coccinelle.com\/index.php\/wp-json\/wp\/v2\/media?parent=7"}],"curies":[{"name":"wp","href":"https:\/\/api.w.org\/{rel}","templated":true}]}}